{"id":278,"date":"2026-01-19T14:27:51","date_gmt":"2026-01-19T13:27:51","guid":{"rendered":"https:\/\/jinotaj.exotic-cattery.cz\/subdom\/jinotaj\/offerings\/"},"modified":"2026-04-12T10:06:53","modified_gmt":"2026-04-12T08:06:53","slug":"offerings","status":"publish","type":"page","link":"https:\/\/jinotaj.exotic-cattery.cz\/en\/offerings\/","title":{"rendered":"Kittens"},"content":{"rendered":"<div data-elementor-type=\"wp-page\" data-elementor-id=\"278\" class=\"elementor elementor-278\">\n\t\t\t\t<div class=\"elementor-element elementor-element-c2ace9d e-flex e-con-boxed e-con e-parent\" data-id=\"c2ace9d\" data-element_type=\"container\" data-settings=\"{&quot;background_background&quot;:&quot;classic&quot;}\">\n\t\t\t\t\t<div class=\"e-con-inner\">\n\t\t\t\t<div class=\"elementor-element elementor-element-229ddd0 elementor-widget elementor-widget-heading\" data-id=\"229ddd0\" data-element_type=\"widget\" data-widget_type=\"heading.default\">\n\t\t\t\t\t<h1 class=\"elementor-heading-title elementor-size-default\">Our Kittens<\/h1>\t\t\t\t<\/div>\n\t\t\t\t\t<\/div>\n\t\t\t\t<\/div>\n\t\t<div class=\"elementor-element elementor-element-03cd381 e-flex e-con-boxed e-con e-parent\" data-id=\"03cd381\" data-element_type=\"container\">\n\t\t\t\t\t<div class=\"e-con-inner\">\n\t\t\t\t\t<\/div>\n\t\t\t\t<\/div>\n\t\t<div class=\"elementor-element elementor-element-fcdf03c e-flex e-con-boxed e-con e-parent\" data-id=\"fcdf03c\" data-element_type=\"container\" data-settings=\"{&quot;background_background&quot;:&quot;classic&quot;}\">\n\t\t\t\t\t<div class=\"e-con-inner\">\n\t\t\t\t<div class=\"elementor-element elementor-element-cbf03b7 elementor-widget elementor-widget-heading\" data-id=\"cbf03b7\" data-element_type=\"widget\" data-widget_type=\"heading.default\">\n\t\t\t\t\t<h5 class=\"elementor-heading-title elementor-size-default\">Litter D Wallhala Hunter X Micaro Sueno Chiara expected on 3.5.2026<\/h5>\t\t\t\t<\/div>\n\t\t\t\t<div class=\"elementor-element elementor-element-7a33fb9 elementor-widget elementor-widget-heading\" data-id=\"7a33fb9\" data-element_type=\"widget\" data-widget_type=\"heading.default\">\n\t\t\t\t\t<h5 class=\"elementor-heading-title elementor-size-default\">Kittens from litter C Maradan El Patron X Gajana Hillis*CZ are already reserved.<\/h5>\t\t\t\t<\/div>\n\t\t\t\t<div class=\"elementor-element elementor-element-e6cfb03 elementor-widget elementor-widget-image\" data-id=\"e6cfb03\" data-element_type=\"widget\" data-widget_type=\"image.default\">\n\t\t\t\t\t\t\t\t\t\t\t\t\t\t\t<img fetchpriority=\"high\" decoding=\"async\" width=\"768\" height=\"796\" src=\"https:\/\/jinotaj.exotic-cattery.cz\/wp-content\/uploads\/2026\/04\/kotata-scaled-e1775981008742-768x796.webp\" class=\"attachment-medium_large size-medium_large wp-image-807\" alt=\"kotata\" srcset=\"https:\/\/jinotaj.exotic-cattery.cz\/wp-content\/uploads\/2026\/04\/kotata-scaled-e1775981008742-768x796.webp 768w, https:\/\/jinotaj.exotic-cattery.cz\/wp-content\/uploads\/2026\/04\/kotata-scaled-e1775981008742-289x300.webp 289w, https:\/\/jinotaj.exotic-cattery.cz\/wp-content\/uploads\/2026\/04\/kotata-scaled-e1775981008742-988x1024.webp 988w, https:\/\/jinotaj.exotic-cattery.cz\/wp-content\/uploads\/2026\/04\/kotata-scaled-e1775981008742.webp 1408w\" sizes=\"(max-width: 768px) 100vw, 768px\" title=\"Kittens\">\t\t\t\t\t\t\t\t\t\t\t\t\t\t\t<\/div>\n\t\t\t\t\t<\/div>\n\t\t\t\t<\/div>\n\t\t<div class=\"elementor-element elementor-element-efa0d45 e-flex e-con-boxed e-con e-parent\" data-id=\"efa0d45\" data-element_type=\"container\" data-settings=\"{&quot;background_background&quot;:&quot;classic&quot;}\">\n\t\t\t\t\t<div class=\"e-con-inner\">\n\t\t\t\t<div class=\"elementor-element elementor-element-45385b7 elementor-widget elementor-widget-heading\" data-id=\"45385b7\" data-element_type=\"widget\" data-widget_type=\"heading.default\">\n\t\t\t\t\t<h2 class=\"elementor-heading-title elementor-size-default\">Previous litters<\/h2>\t\t\t\t<\/div>\n\t\t\t\t\t<\/div>\n\t\t\t\t<\/div>\n\t\t<div class=\"elementor-element elementor-element-aa1b05f e-flex e-con-boxed e-con e-parent\" data-id=\"aa1b05f\" data-element_type=\"container\" data-settings=\"{&quot;background_background&quot;:&quot;classic&quot;}\">\n\t\t\t\t\t<div class=\"e-con-inner\">\n\t\t\t\t<div class=\"elementor-element elementor-element-7f575f4 elementor-widget elementor-widget-heading\" data-id=\"7f575f4\" data-element_type=\"widget\" data-widget_type=\"heading.default\">\n\t\t\t\t\t<h3 class=\"elementor-heading-title elementor-size-default\">Litter A - 5\/24\/2025<\/h3>\t\t\t\t<\/div>\n\t\t\t\t<div class=\"elementor-element elementor-element-9d5a996 elementor-widget-divider--view-line elementor-widget elementor-widget-divider\" data-id=\"9d5a996\" data-element_type=\"widget\" data-widget_type=\"divider.default\">\n\t\t\t\t\t\t\t<div class=\"elementor-divider\">\n\t\t\t<span class=\"elementor-divider-separator\">\n\t\t\t\t\t\t<\/span>\n\t\t<\/div>\n\t\t\t\t\t\t<\/div>\n\t\t\t\t<div class=\"elementor-element elementor-element-972e68e gallery-spacing-custom elementor-widget elementor-widget-image-gallery\" data-id=\"972e68e\" data-element_type=\"widget\" data-widget_type=\"image-gallery.default\">\n\t\t\t\t\t\t\t<div class=\"elementor-image-gallery\">\n\t\t\t<div id='gallery-1' class='gallery galleryid-278 gallery-columns-5 gallery-size-thumbnail'><figure class='gallery-item'>\n\t\t\t<div class='gallery-icon portrait'>\n\t\t\t\t<a data-elementor-open-lightbox=\"yes\" data-elementor-lightbox-slideshow=\"972e68e\" data-elementor-lightbox-title=\"dsc4277\" data-e-action-hash=\"#elementor-action%3Aaction%3Dlightbox%26settings%3DeyJpZCI6MTIsInVybCI6Imh0dHBzOlwvXC9qaW5vdGFqLmV4b3RpYy1jYXR0ZXJ5LmN6XC93cC1jb250ZW50XC91cGxvYWRzXC8yMDI2XC8wMVwvZHNjNDI3Ny1zY2FsZWQud2VicCIsInNsaWRlc2hvdyI6Ijk3MmU2OGUifQ%3D%3D\" href='https:\/\/jinotaj.exotic-cattery.cz\/wp-content\/uploads\/2026\/01\/dsc4277-scaled.webp'><img decoding=\"async\" width=\"150\" height=\"150\" src=\"https:\/\/jinotaj.exotic-cattery.cz\/wp-content\/uploads\/2026\/01\/dsc4277-150x150.webp\" class=\"attachment-thumbnail size-thumbnail\" alt=\"Dsc4277 150x150\" aria-describedby=\"gallery-1-12\" title=\"Kittens\"><\/a>\n\t\t\t<\/div>\n\t\t\t\t<figcaption class='wp-caption-text gallery-caption' id='gallery-1-12'>\n\t\t\t\tAurinka\n\t\t\t\t<\/figcaption><\/figure><figure class='gallery-item'>\n\t\t\t<div class='gallery-icon portrait'>\n\t\t\t\t<a data-elementor-open-lightbox=\"yes\" data-elementor-lightbox-slideshow=\"972e68e\" data-elementor-lightbox-title=\"FB_IMG_1752786950578\" data-e-action-hash=\"#elementor-action%3Aaction%3Dlightbox%26settings%3DeyJpZCI6MTYsInVybCI6Imh0dHBzOlwvXC9qaW5vdGFqLmV4b3RpYy1jYXR0ZXJ5LmN6XC93cC1jb250ZW50XC91cGxvYWRzXC8yMDI2XC8wMVwvRkJfSU1HXzE3NTI3ODY5NTA1Nzgud2VicCIsInNsaWRlc2hvdyI6Ijk3MmU2OGUifQ%3D%3D\" href='https:\/\/jinotaj.exotic-cattery.cz\/wp-content\/uploads\/2026\/01\/FB_IMG_1752786950578.webp'><img decoding=\"async\" width=\"150\" height=\"150\" src=\"https:\/\/jinotaj.exotic-cattery.cz\/wp-content\/uploads\/2026\/01\/FB_IMG_1752786950578-150x150.webp\" class=\"attachment-thumbnail size-thumbnail\" alt=\"FB IMG 1752786950578 150x150\" aria-describedby=\"gallery-1-16\" title=\"Kittens\"><\/a>\n\t\t\t<\/div>\n\t\t\t\t<figcaption class='wp-caption-text gallery-caption' id='gallery-1-16'>\n\t\t\t\tAranka\n\t\t\t\t<\/figcaption><\/figure><figure class='gallery-item'>\n\t\t\t<div class='gallery-icon portrait'>\n\t\t\t\t<a data-elementor-open-lightbox=\"yes\" data-elementor-lightbox-slideshow=\"972e68e\" data-elementor-lightbox-title=\"dsc4132 scaled.jpg\" data-e-action-hash=\"#elementor-action%3Aaction%3Dlightbox%26settings%3DeyJpZCI6NDE0LCJ1cmwiOiJodHRwczpcL1wvamlub3Rhai5leG90aWMtY2F0dGVyeS5jelwvd3AtY29udGVudFwvdXBsb2Fkc1wvMjAyNlwvMDFcL2RzYzQxMzItc2NhbGVkLTEud2VicCIsInNsaWRlc2hvdyI6Ijk3MmU2OGUifQ%3D%3D\" href='https:\/\/jinotaj.exotic-cattery.cz\/wp-content\/uploads\/2026\/01\/dsc4132-scaled-1.webp'><img loading=\"lazy\" decoding=\"async\" width=\"150\" height=\"150\" src=\"https:\/\/jinotaj.exotic-cattery.cz\/wp-content\/uploads\/2026\/01\/dsc4132-scaled-1-150x150.webp\" class=\"attachment-thumbnail size-thumbnail\" alt=\"dsc4132 scaled.jpg\" aria-describedby=\"gallery-1-414\" title=\"Kittens\"><\/a>\n\t\t\t<\/div>\n\t\t\t\t<figcaption class='wp-caption-text gallery-caption' id='gallery-1-414'>\n\t\t\t\tAmour\n\t\t\t\t<\/figcaption><\/figure><figure class='gallery-item'>\n\t\t\t<div class='gallery-icon landscape'>\n\t\t\t\t<a data-elementor-open-lightbox=\"yes\" data-elementor-lightbox-slideshow=\"972e68e\" data-elementor-lightbox-title=\"agatka\" data-e-action-hash=\"#elementor-action%3Aaction%3Dlightbox%26settings%3DeyJpZCI6NjA3LCJ1cmwiOiJodHRwczpcL1wvamlub3Rhai5leG90aWMtY2F0dGVyeS5jelwvd3AtY29udGVudFwvdXBsb2Fkc1wvMjAyNlwvMDFcL2FnYXRrYS1zY2FsZWQuanBnIiwic2xpZGVzaG93IjoiOTcyZTY4ZSJ9\" href='https:\/\/jinotaj.exotic-cattery.cz\/wp-content\/uploads\/2026\/01\/agatka-scaled.jpg'><img loading=\"lazy\" decoding=\"async\" width=\"150\" height=\"150\" src=\"https:\/\/jinotaj.exotic-cattery.cz\/wp-content\/uploads\/2026\/01\/agatka-150x150.jpg\" class=\"attachment-thumbnail size-thumbnail\" alt=\"agatka\" aria-describedby=\"gallery-1-607\" title=\"Kittens\"><\/a>\n\t\t\t<\/div>\n\t\t\t\t<figcaption class='wp-caption-text gallery-caption' id='gallery-1-607'>\n\t\t\t\tAgata\n\t\t\t\t<\/figcaption><\/figure><figure class='gallery-item'>\n\t\t\t<div class='gallery-icon portrait'>\n\t\t\t\t<a data-elementor-open-lightbox=\"yes\" data-elementor-lightbox-slideshow=\"972e68e\" data-elementor-lightbox-title=\"akinka\" data-e-action-hash=\"#elementor-action%3Aaction%3Dlightbox%26settings%3DeyJpZCI6NjA4LCJ1cmwiOiJodHRwczpcL1wvamlub3Rhai5leG90aWMtY2F0dGVyeS5jelwvd3AtY29udGVudFwvdXBsb2Fkc1wvMjAyNlwvMDFcL2FraW5rYS1zY2FsZWQud2VicCIsInNsaWRlc2hvdyI6Ijk3MmU2OGUifQ%3D%3D\" href='https:\/\/jinotaj.exotic-cattery.cz\/wp-content\/uploads\/2026\/01\/akinka-scaled.webp'><img loading=\"lazy\" decoding=\"async\" width=\"150\" height=\"150\" src=\"https:\/\/jinotaj.exotic-cattery.cz\/wp-content\/uploads\/2026\/01\/akinka-150x150.jpg\" class=\"attachment-thumbnail size-thumbnail\" alt=\"akinka\" aria-describedby=\"gallery-1-608\" title=\"Kittens\"><\/a>\n\t\t\t<\/div>\n\t\t\t\t<figcaption class='wp-caption-text gallery-caption' id='gallery-1-608'>\n\t\t\t\tAquarela\n\t\t\t\t<\/figcaption><\/figure>\n\t\t<\/div>\n\t\t<\/div>\n\t\t\t\t\t\t<\/div>\n\t\t\t\t<div class=\"elementor-element elementor-element-1b9e7e2 elementor-widget-divider--view-line elementor-widget elementor-widget-divider\" data-id=\"1b9e7e2\" data-element_type=\"widget\" data-widget_type=\"divider.default\">\n\t\t\t\t\t\t\t<div class=\"elementor-divider\">\n\t\t\t<span class=\"elementor-divider-separator\">\n\t\t\t\t\t\t<\/span>\n\t\t<\/div>\n\t\t\t\t\t\t<\/div>\n\t\t\t\t<div class=\"elementor-element elementor-element-576316a elementor-widget elementor-widget-heading\" data-id=\"576316a\" data-element_type=\"widget\" data-widget_type=\"heading.default\">\n\t\t\t\t\t<h3 class=\"elementor-heading-title elementor-size-default\">Litter B - 05\/30\/2025<\/h3>\t\t\t\t<\/div>\n\t\t\t\t<div class=\"elementor-element elementor-element-f851e87 elementor-widget-divider--view-line elementor-widget elementor-widget-divider\" data-id=\"f851e87\" data-element_type=\"widget\" data-widget_type=\"divider.default\">\n\t\t\t\t\t\t\t<div class=\"elementor-divider\">\n\t\t\t<span class=\"elementor-divider-separator\">\n\t\t\t\t\t\t<\/span>\n\t\t<\/div>\n\t\t\t\t\t\t<\/div>\n\t\t\t\t<div class=\"elementor-element elementor-element-aefe447 gallery-spacing-custom elementor-widget elementor-widget-image-gallery\" data-id=\"aefe447\" data-element_type=\"widget\" data-widget_type=\"image-gallery.default\">\n\t\t\t\t\t\t\t<div class=\"elementor-image-gallery\">\n\t\t\t<div id='gallery-2' class='gallery galleryid-278 gallery-columns-2 gallery-size-thumbnail'><figure class='gallery-item'>\n\t\t\t<div class='gallery-icon landscape'>\n\t\t\t\t<a data-elementor-open-lightbox=\"yes\" data-elementor-lightbox-slideshow=\"aefe447\" data-elementor-lightbox-title=\"belka\" data-e-action-hash=\"#elementor-action%3Aaction%3Dlightbox%26settings%3DeyJpZCI6NjA5LCJ1cmwiOiJodHRwczpcL1wvamlub3Rhai5leG90aWMtY2F0dGVyeS5jelwvd3AtY29udGVudFwvdXBsb2Fkc1wvMjAyNlwvMDFcL2JlbGthLXNjYWxlZC53ZWJwIiwic2xpZGVzaG93IjoiYWVmZTQ0NyJ9\" href='https:\/\/jinotaj.exotic-cattery.cz\/wp-content\/uploads\/2026\/01\/belka-scaled.webp'><img loading=\"lazy\" decoding=\"async\" width=\"150\" height=\"150\" src=\"https:\/\/jinotaj.exotic-cattery.cz\/wp-content\/uploads\/2026\/01\/belka-150x150.webp\" class=\"attachment-thumbnail size-thumbnail\" alt=\"belka\" aria-describedby=\"gallery-2-609\" title=\"Kittens\"><\/a>\n\t\t\t<\/div>\n\t\t\t\t<figcaption class='wp-caption-text gallery-caption' id='gallery-2-609'>\n\t\t\t\tBelka\n\t\t\t\t<\/figcaption><\/figure><figure class='gallery-item'>\n\t\t\t<div class='gallery-icon portrait'>\n\t\t\t\t<a data-elementor-open-lightbox=\"yes\" data-elementor-lightbox-slideshow=\"aefe447\" data-elementor-lightbox-title=\"boruvka\" data-e-action-hash=\"#elementor-action%3Aaction%3Dlightbox%26settings%3DeyJpZCI6NjEwLCJ1cmwiOiJodHRwczpcL1wvamlub3Rhai5leG90aWMtY2F0dGVyeS5jelwvd3AtY29udGVudFwvdXBsb2Fkc1wvMjAyNlwvMDFcL2JvcnV2a2Etc2NhbGVkLndlYnAiLCJzbGlkZXNob3ciOiJhZWZlNDQ3In0%3D\" href='https:\/\/jinotaj.exotic-cattery.cz\/wp-content\/uploads\/2026\/01\/boruvka-scaled.webp'><img loading=\"lazy\" decoding=\"async\" width=\"150\" height=\"150\" src=\"https:\/\/jinotaj.exotic-cattery.cz\/wp-content\/uploads\/2026\/01\/boruvka-150x150.webp\" class=\"attachment-thumbnail size-thumbnail\" alt=\"boruvka\" aria-describedby=\"gallery-2-610\" title=\"Kittens\"><\/a>\n\t\t\t<\/div>\n\t\t\t\t<figcaption class='wp-caption-text gallery-caption' id='gallery-2-610'>\n\t\t\t\tBoruvka\n\t\t\t\t<\/figcaption><\/figure>\n\t\t<\/div>\n\t\t<\/div>\n\t\t\t\t\t\t<\/div>\n\t\t\t\t\t<\/div>\n\t\t\t\t<\/div>\n\t\t<div class=\"elementor-element elementor-element-9806486 e-flex e-con-boxed e-con e-parent\" data-id=\"9806486\" data-element_type=\"container\" data-settings=\"{&quot;background_background&quot;:&quot;classic&quot;}\">\n\t\t\t\t\t<div class=\"e-con-inner\">\n\t\t\t\t<div class=\"elementor-element elementor-element-b97b503 elementor-widget elementor-widget-hfe-infocard\" data-id=\"b97b503\" data-element_type=\"widget\" data-widget_type=\"hfe-infocard.default\">\n\t\t\t\t<div class=\"elementor-widget-container\">\n\t\t\t\t\t\n\t\t<div class=\"hfe-infocard\">\n\t\t\t\t\t\t\t\t\t<div class=\"hfe-infocard-title-wrap\">\n\t\t\t\t<h2 class=\"hfe-infocard-title elementor-inline-editing\" data-elementor-setting-key=\"infocard_title\" data-elementor-inline-editing-toolbar=\"basic\" >Become part of our family today!<\/h2>\t\t\t<\/div>\n\t\t\t\t\t\t<div class=\"hfe-infocard-text-wrap\">\n\t\t\t\t<div class=\"hfe-infocard-text elementor-inline-editing\" data-elementor-setting-key=\"infocard_description\" data-elementor-inline-editing-toolbar=\"advanced\">\n\t\t\t\t\tLearn more about our cats and discover how we can help you find your new companion.\t\t\t\t<\/div>\n\t\t\t\t\t\t\t<div class=\"hfe-button-wrapper elementor-widget-button\">\n\t\t\t\t<a href=\"https:\/\/jinotaj.exotic-cattery.cz\/en\/contact\/\" class=\"elementor-button-link elementor-button elementor-size-sm\">\n\t\t\t\t\t<span class=\"elementor-button-text elementor-inline-editing\"  data-elementor-setting-key=\"infocard_button_text\" data-elementor-inline-editing-toolbar=\"none\">Learn more<\/span>\n\t\t\t\t<\/a>\n\t\t\t<\/div>\n\t\t\t\t\t\t<\/div>\n\t\t<\/div>\n\n\t\t\t\t\t\t<\/div>\n\t\t\t\t<\/div>\n\t\t\t\t\t<\/div>\n\t\t\t\t<\/div>\n\t\t\t\t<\/div>","protected":false},"excerpt":{"rendered":"<p>Na\u0161e Ko\u0165\u00e1tka Vrh D Wallhala Hunter X Micaro Sueno Chiara \u010dek\u00e1me 3.5.2026 Ko\u0165\u00e1tka z vrhu C Maradan El Patron X [&hellip;]<\/p>\n","protected":false},"author":1,"featured_media":0,"parent":0,"menu_order":0,"comment_status":"closed","ping_status":"closed","template":"","meta":{"_angie_page":false,"site-sidebar-layout":"no-sidebar","site-content-layout":"","ast-site-content-layout":"full-width-container","site-content-style":"default","site-sidebar-style":"default","ast-global-header-display":"","ast-banner-title-visibility":"","ast-main-header-display":"","ast-hfb-above-header-display":"","ast-hfb-below-header-display":"","ast-hfb-mobile-header-display":"","site-post-title":"disabled","ast-breadcrumbs-content":"","ast-featured-img":"disabled","footer-sml-layout":"","ast-disable-related-posts":"","theme-transparent-header-meta":"enabled","adv-header-id-meta":"","stick-header-meta":"","header-above-stick-meta":"","header-main-stick-meta":"","header-below-stick-meta":"","astra-migrate-meta-layouts":"default","ast-page-background-enabled":"default","ast-page-background-meta":{"desktop":{"background-color":"var(--ast-global-color-5)","background-image":"","background-repeat":"repeat","background-position":"center center","background-size":"auto","background-attachment":"scroll","background-type":"","background-media":"","overlay-type":"","overlay-color":"","overlay-opacity":"","overlay-gradient":""},"tablet":{"background-color":"","background-image":"","background-repeat":"repeat","background-position":"center center","background-size":"auto","background-attachment":"scroll","background-type":"","background-media":"","overlay-type":"","overlay-color":"","overlay-opacity":"","overlay-gradient":""},"mobile":{"background-color":"","background-image":"","background-repeat":"repeat","background-position":"center center","background-size":"auto","background-attachment":"scroll","background-type":"","background-media":"","overlay-type":"","overlay-color":"","overlay-opacity":"","overlay-gradient":""}},"ast-content-background-meta":{"desktop":{"background-color":"var(--ast-global-color-4)","background-image":"","background-repeat":"repeat","background-position":"center center","background-size":"auto","background-attachment":"scroll","background-type":"","background-media":"","overlay-type":"","overlay-color":"","overlay-opacity":"","overlay-gradient":""},"tablet":{"background-color":"var(--ast-global-color-4)","background-image":"","background-repeat":"repeat","background-position":"center center","background-size":"auto","background-attachment":"scroll","background-type":"","background-media":"","overlay-type":"","overlay-color":"","overlay-opacity":"","overlay-gradient":""},"mobile":{"background-color":"var(--ast-global-color-4)","background-image":"","background-repeat":"repeat","background-position":"center center","background-size":"auto","background-attachment":"scroll","background-type":"","background-media":"","overlay-type":"","overlay-color":"","overlay-opacity":"","overlay-gradient":""}},"footnotes":""},"class_list":["post-278","page","type-page","status-publish","hentry"],"_links":{"self":[{"href":"https:\/\/jinotaj.exotic-cattery.cz\/en\/wp-json\/wp\/v2\/pages\/278","targetHints":{"allow":["GET"]}}],"collection":[{"href":"https:\/\/jinotaj.exotic-cattery.cz\/en\/wp-json\/wp\/v2\/pages"}],"about":[{"href":"https:\/\/jinotaj.exotic-cattery.cz\/en\/wp-json\/wp\/v2\/types\/page"}],"author":[{"embeddable":true,"href":"https:\/\/jinotaj.exotic-cattery.cz\/en\/wp-json\/wp\/v2\/users\/1"}],"replies":[{"embeddable":true,"href":"https:\/\/jinotaj.exotic-cattery.cz\/en\/wp-json\/wp\/v2\/comments?post=278"}],"version-history":[{"count":52,"href":"https:\/\/jinotaj.exotic-cattery.cz\/en\/wp-json\/wp\/v2\/pages\/278\/revisions"}],"predecessor-version":[{"id":811,"href":"https:\/\/jinotaj.exotic-cattery.cz\/en\/wp-json\/wp\/v2\/pages\/278\/revisions\/811"}],"wp:attachment":[{"href":"https:\/\/jinotaj.exotic-cattery.cz\/en\/wp-json\/wp\/v2\/media?parent=278"}],"curies":[{"name":"wp","href":"https:\/\/api.w.org\/{rel}","templated":true}]}}